{"id":412,"date":"2022-06-02T12:57:56","date_gmt":"2022-06-02T10:57:56","guid":{"rendered":"https:\/\/ostrowski-radcaprawny.pl\/?page_id=412"},"modified":"2022-06-02T12:57:56","modified_gmt":"2022-06-02T10:57:56","slug":"cennik-szczecin","status":"publish","type":"page","link":"https:\/\/ostrowski-radcaprawny.pl\/index.php\/cennik-szczecin\/","title":{"rendered":"Cennik &#8211; Szczecin"},"content":{"rendered":"\n<p>Na us\u0142ugi prawne sk\u0142ada si\u0119 wiele czynnik\u00f3w. To nie tylko czas po\u015bwi\u0119cony na napisanie pisma czy reprezentacj\u0119 przed s\u0105dem. To czas po\u015bwi\u0119cony na wys\u0142uchanie i doprecyzowanie stanu faktycznego, czas po\u015bwi\u0119cony na analiz\u0119, czas po\u015bwi\u0119cony na lata nauki, potrzebne do zdobycia wiedzy kt\u00f3ra pozwala wzi\u0119cie na siebie odpowiedzialno\u015bci zwi\u0105zanej z udzieleniem pewnej odpowiedzi na trudne pytania. To wreszcie czas potrzebny na realizacj\u0119 czynno\u015bci technicznych: dojechanie do klienta, przygotowanie materia\u0142\u00f3w, sprawdzenie i wysy\u0142ka.<\/p>\n\n\n\n<p>Wycena konkretnych us\u0142ug prawnych zale\u017cy od wielu czynnik\u00f3w. Punktem wyj\u015bcia jest stawka za godzin\u0119 pracy, kt\u00f3ra w moim wypadku wynosi 200-300 z\u0142otych netto, w zale\u017cno\u015bci od skomplikowania sprawy i poziomu specjalizacji dziedziny prawa kt\u00f3rej dotyczy dana us\u0142uga.<\/p>\n\n\n\n<p>Przyk\u0142adowe ceny us\u0142ug prawnych obowi\u0105zuj\u0105ce w Szczecinie w 2022 roku w mojej kancelarii radcy prawnego to:<\/p>\n\n\n\n<p>Porada prawna: 200 &#8211; 400 z\u0142otych<\/p>\n\n\n\n<p>Skierowanie wezwania do zap\u0142aty: 200 &#8211; 400 z\u0142otych<\/p>\n\n\n\n<p>Sprawa o zap\u0142at\u0119: w zale\u017cno\u015bci od warto\u015bci przedmiotu sporu, nie mniej ni\u017c 1000 z\u0142otych, obowi\u0105zuje success fee<\/p>\n\n\n\n<p>Cena prowadzenia sprawy o uniewa\u017cnienie \/ odfrankowienie kredytu : 5000 z\u0142otych za instancj\u0119 + success fee zale\u017cny od nominalnej warto\u015bci kredytu<\/p>\n\n\n\n<p>Sprawa o naruszenie d\u00f3br osobistych: w zale\u017cno\u015bci od charakteru sprawy, od 2500 z\u0142otych<\/p>\n\n\n\n<p>Cena reprezentacji w sprawie wykroczeniowej: w zale\u017cno\u015bci od charakteru sprawy, od 1000 z\u0142otych<\/p>\n\n\n\n<p>Cena reprezentacji w sprawie karnej: w zale\u017cno\u015bci od charakteru sprawy, od 3000 z\u0142otych<\/p>\n\n\n\n<p>Koszt sprawy rozwodowej, bez orzekania o winie, z polubownym uzgodnieniem zakresu opieki nad dzie\u0107mi (porozumienie rozwodowe): 3000 z\u0142otych<\/p>\n\n\n\n<p>Sprawa rozwodowa, z orzekaniem o winie, z konfliktow\u0105 cz\u0119\u015bci\u0105 dotycz\u0105c\u0105 opieki nad dzie\u0107mi, aliment\u00f3w: od 8 000 z\u0142otych.<\/p>\n\n\n\n<p>Podzia\u0142 maj\u0105tku: 1% warto\u015bci maj\u0105tku podlegaj\u0105cemu podzia\u0142owi, ale nie mniej ni\u017c 5000 z\u0142otych, obowi\u0105zuje success fee<\/p>\n\n\n\n<p><strong>Wszystkie ceny s\u0105 jedynie orientacyjne i mog\u0105 podlega\u0107 zmianom w zale\u017cno\u015bci od sytuacji klienta. Ceny prowadzenia spraw obejmuj\u0105 jedn\u0105 instancj\u0119. Istnieje mo\u017cliwo\u015b\u0107 negocjowania cen oraz roz\u0142o\u017cenia p\u0142atno\u015bci na raty.<\/strong><\/p>\n","protected":false},"excerpt":{"rendered":"<p>Na us\u0142ugi prawne sk\u0142ada si\u0119 wiele czynnik\u00f3w. To nie tylko czas po\u015bwi\u0119cony na napisanie pisma czy reprezentacj\u0119 przed s\u0105dem. To czas po\u015bwi\u0119cony na wys\u0142uchanie i doprecyzowanie stanu faktycznego, czas po\u015bwi\u0119cony na analiz\u0119, czas po\u015bwi\u0119cony na lata nauki, potrzebne do zdobycia wiedzy kt\u00f3ra pozwala wzi\u0119cie na siebie odpowiedzialno\u015bci zwi\u0105zanej z udzieleniem pewnej odpowiedzi na trudne pytania.&hellip;&nbsp;<a href=\"https:\/\/ostrowski-radcaprawny.pl\/index.php\/cennik-szczecin\/\" rel=\"bookmark\">Dowiedz si\u0119 wi\u0119cej &raquo;<span class=\"screen-reader-text\">Cennik &#8211; Szczecin<\/span><\/a><\/p>\n","protected":false},"author":1,"featured_media":0,"parent":0,"menu_order":0,"comment_status":"closed","ping_status":"closed","template":"","meta":{"neve_meta_sidebar":"","neve_meta_container":"","neve_meta_enable_content_width":"","neve_meta_content_width":0,"neve_meta_title_alignment":"","neve_meta_author_avatar":"","neve_post_elements_order":"","neve_meta_disable_header":"","neve_meta_disable_footer":"","neve_meta_disable_title":"","footnotes":""},"class_list":["post-412","page","type-page","status-publish","hentry"],"_links":{"self":[{"href":"https:\/\/ostrowski-radcaprawny.pl\/index.php\/wp-json\/wp\/v2\/pages\/412","targetHints":{"allow":["GET"]}}],"collection":[{"href":"https:\/\/ostrowski-radcaprawny.pl\/index.php\/wp-json\/wp\/v2\/pages"}],"about":[{"href":"https:\/\/ostrowski-radcaprawny.pl\/index.php\/wp-json\/wp\/v2\/types\/page"}],"author":[{"embeddable":true,"href":"https:\/\/ostrowski-radcaprawny.pl\/index.php\/wp-json\/wp\/v2\/users\/1"}],"replies":[{"embeddable":true,"href":"https:\/\/ostrowski-radcaprawny.pl\/index.php\/wp-json\/wp\/v2\/comments?post=412"}],"version-history":[{"count":1,"href":"https:\/\/ostrowski-radcaprawny.pl\/index.php\/wp-json\/wp\/v2\/pages\/412\/revisions"}],"predecessor-version":[{"id":413,"href":"https:\/\/ostrowski-radcaprawny.pl\/index.php\/wp-json\/wp\/v2\/pages\/412\/revisions\/413"}],"wp:attachment":[{"href":"https:\/\/ostrowski-radcaprawny.pl\/index.php\/wp-json\/wp\/v2\/media?parent=412"}],"curies":[{"name":"wp","href":"https:\/\/api.w.org\/{rel}","templated":true}]}}